{"id":10644,"date":"2025-07-20T23:44:30","date_gmt":"2025-07-20T21:44:30","guid":{"rendered":"https:\/\/www.mondialmobilier.com\/?post_type=product&#038;p=10644"},"modified":"2025-07-20T23:44:31","modified_gmt":"2025-07-20T21:44:31","slug":"bureau-individuel-solo-ref-b4263","status":"publish","type":"product","link":"https:\/\/www.mondialmobilier.com\/index.php\/product\/bureau-individuel-solo-ref-b4263\/","title":{"rendered":"Bureau individuel solo r\u00e9f b4263"},"content":{"rendered":"<ul>\n<li><strong>Dimensions :<\/strong>\u00a01m40<\/li>\n<li><strong>Mat\u00e9riau :<\/strong>\u00a0Bois MDF avec finition m\u00e9lamin\u00e9e r\u00e9sistante<\/li>\n<li><strong>Structure :<\/strong>\n<ul>\n<li>Plateau robuste avec rev\u00eatement anti-rayures<\/li>\n<li>Pi\u00e9tement solide en bois<\/li>\n<\/ul>\n<\/li>\n<li><strong>\u00c9quipements :<\/strong>\n<ul>\n<li>Passage de c\u00e2bles int\u00e9gr\u00e9<\/li>\n<li>Tiroirs avec serrure de s\u00e9curit\u00e9<\/li>\n<\/ul>\n<\/li>\n<li><strong>Utilisation :<\/strong>\u00a0Id\u00e9al pour un bureau personnel ou un espace de travail professionnel<\/li>\n<\/ul>\n","protected":false},"excerpt":{"rendered":"<p>Dimensions :\u00a01m40 Mat\u00e9riau :\u00a0Bois MDF avec finition m\u00e9lamin\u00e9e r\u00e9sistante Structure : Plateau robuste avec rev\u00eatement anti-rayures Pi\u00e9tement solide en bois \u00c9quipements : Passage de c\u00e2bles int\u00e9gr\u00e9 Tiroirs avec serrure de s\u00e9curit\u00e9 Utilisation :\u00a0Id\u00e9al pour un bureau personnel ou un espace de travail professionnel<\/p>\n","protected":false},"featured_media":10645,"template":"","meta":[],"product_brand":[],"product_cat":[300,303],"product_tag":[],"class_list":{"0":"post-10644","1":"product","2":"type-product","3":"status-publish","4":"has-post-thumbnail","6":"product_cat-bureaux","7":"product_cat-bureaux-individuels","9":"first","10":"instock","11":"shipping-taxable","12":"purchasable","13":"product-type-simple"},"_links":{"self":[{"href":"https:\/\/www.mondialmobilier.com\/index.php\/wp-json\/wp\/v2\/product\/10644","targetHints":{"allow":["GET"]}}],"collection":[{"href":"https:\/\/www.mondialmobilier.com\/index.php\/wp-json\/wp\/v2\/product"}],"about":[{"href":"https:\/\/www.mondialmobilier.com\/index.php\/wp-json\/wp\/v2\/types\/product"}],"wp:featuredmedia":[{"embeddable":true,"href":"https:\/\/www.mondialmobilier.com\/index.php\/wp-json\/wp\/v2\/media\/10645"}],"wp:attachment":[{"href":"https:\/\/www.mondialmobilier.com\/index.php\/wp-json\/wp\/v2\/media?parent=10644"}],"wp:term":[{"taxonomy":"product_brand","embeddable":true,"href":"https:\/\/www.mondialmobilier.com\/index.php\/wp-json\/wp\/v2\/product_brand?post=10644"},{"taxonomy":"product_cat","embeddable":true,"href":"https:\/\/www.mondialmobilier.com\/index.php\/wp-json\/wp\/v2\/product_cat?post=10644"},{"taxonomy":"product_tag","embeddable":true,"href":"https:\/\/www.mondialmobilier.com\/index.php\/wp-json\/wp\/v2\/product_tag?post=10644"}],"curies":[{"name":"wp","href":"https:\/\/api.w.org\/{rel}","templated":true}]}}