{"id":10657,"date":"2025-07-21T01:48:26","date_gmt":"2025-07-20T23:48:26","guid":{"rendered":"https:\/\/www.mondialmobilier.com\/?post_type=product&#038;p=10657"},"modified":"2025-07-21T01:48:26","modified_gmt":"2025-07-20T23:48:26","slug":"bureau-individuel-ralph-140cm-ref-b3877","status":"publish","type":"product","link":"https:\/\/www.mondialmobilier.com\/index.php\/product\/bureau-individuel-ralph-140cm-ref-b3877\/","title":{"rendered":"Bureau individuel ralph 140cm r\u00e9f b3877"},"content":{"rendered":"<h3>Bureau Individuel avec Caisson mobile en bois compos\u00e9 de :<\/h3>\n<ul>\n<li>1 plan principal constitu\u00e9 d\u2019un plateau et deux pieds d\u2019\u00e9paisseur 38 mm .<\/li>\n<li>1 voile d\u2019\u00e9paisseur 19 mm Le bureau est r\u00e9alis\u00e9 en panneaux de particules \u00e9paisseur 38 mm<\/li>\n<li>Tous les chants visibles sont bord\u00e9s d\u2019un PVC de 0,8 mm d\u2019\u00e9paisseur<\/li>\n<li>1 caisson mobile roulant \u00e0 3 tiroirs en Bois Finition en m\u00e9lamin\u00e9<\/li>\n<\/ul>\n","protected":false},"excerpt":{"rendered":"<p>Bureau Individuel avec Caisson mobile en bois compos\u00e9 de : 1 plan principal constitu\u00e9 d\u2019un plateau et deux pieds d\u2019\u00e9paisseur 38 mm . 1 voile d\u2019\u00e9paisseur 19 mm Le bureau est r\u00e9alis\u00e9 en panneaux de particules \u00e9paisseur 38 mm Tous les chants visibles sont bord\u00e9s d\u2019un PVC de 0,8 mm d\u2019\u00e9paisseur 1 caisson mobile roulant [&hellip;]<\/p>\n","protected":false},"featured_media":10658,"template":"","meta":[],"product_brand":[],"product_cat":[300,303],"product_tag":[],"class_list":{"0":"post-10657","1":"product","2":"type-product","3":"status-publish","4":"has-post-thumbnail","6":"product_cat-bureaux","7":"product_cat-bureaux-individuels","9":"first","10":"instock","11":"sale","12":"shipping-taxable","13":"purchasable","14":"product-type-simple"},"_links":{"self":[{"href":"https:\/\/www.mondialmobilier.com\/index.php\/wp-json\/wp\/v2\/product\/10657","targetHints":{"allow":["GET"]}}],"collection":[{"href":"https:\/\/www.mondialmobilier.com\/index.php\/wp-json\/wp\/v2\/product"}],"about":[{"href":"https:\/\/www.mondialmobilier.com\/index.php\/wp-json\/wp\/v2\/types\/product"}],"wp:featuredmedia":[{"embeddable":true,"href":"https:\/\/www.mondialmobilier.com\/index.php\/wp-json\/wp\/v2\/media\/10658"}],"wp:attachment":[{"href":"https:\/\/www.mondialmobilier.com\/index.php\/wp-json\/wp\/v2\/media?parent=10657"}],"wp:term":[{"taxonomy":"product_brand","embeddable":true,"href":"https:\/\/www.mondialmobilier.com\/index.php\/wp-json\/wp\/v2\/product_brand?post=10657"},{"taxonomy":"product_cat","embeddable":true,"href":"https:\/\/www.mondialmobilier.com\/index.php\/wp-json\/wp\/v2\/product_cat?post=10657"},{"taxonomy":"product_tag","embeddable":true,"href":"https:\/\/www.mondialmobilier.com\/index.php\/wp-json\/wp\/v2\/product_tag?post=10657"}],"curies":[{"name":"wp","href":"https:\/\/api.w.org\/{rel}","templated":true}]}}