{"id":10659,"date":"2025-07-21T01:52:25","date_gmt":"2025-07-20T23:52:25","guid":{"rendered":"https:\/\/www.mondialmobilier.com\/?post_type=product&#038;p=10659"},"modified":"2025-07-21T01:52:25","modified_gmt":"2025-07-20T23:52:25","slug":"bureau-individuel-daimon-ref-b3822","status":"publish","type":"product","link":"https:\/\/www.mondialmobilier.com\/index.php\/product\/bureau-individuel-daimon-ref-b3822\/","title":{"rendered":"Bureau individuel daimon r\u00e9f b3822"},"content":{"rendered":"<h3>Bureau en bois sans retour et Caisson fixe compos\u00e9 de :<\/h3>\n<ul>\n<li>1 plan principal constitu\u00e9 d\u2019un plateau<\/li>\n<li>Dimensions L x P x H en mm : 1400 x 600 x 760<\/li>\n<li>Le bureau est r\u00e9alis\u00e9 en panneaux de particules , Passe c\u00e2ble ,<\/li>\n<li>1 caisson \u00e0 3 tiroirs en Bois+1 niche<\/li>\n<li>Finition m\u00e9lamin\u00e9<\/li>\n<\/ul>\n","protected":false},"excerpt":{"rendered":"<p>Bureau en bois sans retour et Caisson fixe compos\u00e9 de : 1 plan principal constitu\u00e9 d\u2019un plateau Dimensions L x P x H en mm : 1400 x 600 x 760 Le bureau est r\u00e9alis\u00e9 en panneaux de particules , Passe c\u00e2ble , 1 caisson \u00e0 3 tiroirs en Bois+1 niche Finition m\u00e9lamin\u00e9<\/p>\n","protected":false},"featured_media":10660,"template":"","meta":[],"product_brand":[],"product_cat":[300,303],"product_tag":[],"class_list":{"0":"post-10659","1":"product","2":"type-product","3":"status-publish","4":"has-post-thumbnail","6":"product_cat-bureaux","7":"product_cat-bureaux-individuels","9":"first","10":"instock","11":"sale","12":"shipping-taxable","13":"purchasable","14":"product-type-simple"},"_links":{"self":[{"href":"https:\/\/www.mondialmobilier.com\/index.php\/wp-json\/wp\/v2\/product\/10659","targetHints":{"allow":["GET"]}}],"collection":[{"href":"https:\/\/www.mondialmobilier.com\/index.php\/wp-json\/wp\/v2\/product"}],"about":[{"href":"https:\/\/www.mondialmobilier.com\/index.php\/wp-json\/wp\/v2\/types\/product"}],"wp:featuredmedia":[{"embeddable":true,"href":"https:\/\/www.mondialmobilier.com\/index.php\/wp-json\/wp\/v2\/media\/10660"}],"wp:attachment":[{"href":"https:\/\/www.mondialmobilier.com\/index.php\/wp-json\/wp\/v2\/media?parent=10659"}],"wp:term":[{"taxonomy":"product_brand","embeddable":true,"href":"https:\/\/www.mondialmobilier.com\/index.php\/wp-json\/wp\/v2\/product_brand?post=10659"},{"taxonomy":"product_cat","embeddable":true,"href":"https:\/\/www.mondialmobilier.com\/index.php\/wp-json\/wp\/v2\/product_cat?post=10659"},{"taxonomy":"product_tag","embeddable":true,"href":"https:\/\/www.mondialmobilier.com\/index.php\/wp-json\/wp\/v2\/product_tag?post=10659"}],"curies":[{"name":"wp","href":"https:\/\/api.w.org\/{rel}","templated":true}]}}