{"id":10661,"date":"2025-07-21T01:55:41","date_gmt":"2025-07-20T23:55:41","guid":{"rendered":"https:\/\/www.mondialmobilier.com\/?post_type=product&#038;p=10661"},"modified":"2025-07-21T02:25:32","modified_gmt":"2025-07-21T00:25:32","slug":"bureau-individuel-oscar-ref-b3821","status":"publish","type":"product","link":"https:\/\/www.mondialmobilier.com\/index.php\/product\/bureau-individuel-oscar-ref-b3821\/","title":{"rendered":"Bureau individuel oscar r\u00e9f b3821"},"content":{"rendered":"<p>-1 plan principal constitu\u00e9 d\u2019un plateau<br \/>\nDimensions L x P x H en mm : 1400 x 600 x 760<br \/>\n-Le bureau est r\u00e9alis\u00e9 en panneaux de particules , Passe c\u00e2ble ,<br \/>\n-1 caisson \u00e0 3 tiroirs en Bois+1 niche<\/p>\n<p>Finition m\u00e9lamin\u00e9<\/p>\n","protected":false},"excerpt":{"rendered":"<p>-1 plan principal constitu\u00e9 d\u2019un plateau Dimensions L x P x H en mm : 1400 x 600 x 760 -Le bureau est r\u00e9alis\u00e9 en panneaux de particules , Passe c\u00e2ble , -1 caisson \u00e0 3 tiroirs en Bois+1 niche Finition m\u00e9lamin\u00e9<\/p>\n","protected":false},"featured_media":10662,"template":"","meta":[],"product_brand":[],"product_cat":[300,303],"product_tag":[],"class_list":{"0":"post-10661","1":"product","2":"type-product","3":"status-publish","4":"has-post-thumbnail","6":"product_cat-bureaux","7":"product_cat-bureaux-individuels","9":"first","10":"instock","11":"sale","12":"shipping-taxable","13":"purchasable","14":"product-type-simple"},"_links":{"self":[{"href":"https:\/\/www.mondialmobilier.com\/index.php\/wp-json\/wp\/v2\/product\/10661","targetHints":{"allow":["GET"]}}],"collection":[{"href":"https:\/\/www.mondialmobilier.com\/index.php\/wp-json\/wp\/v2\/product"}],"about":[{"href":"https:\/\/www.mondialmobilier.com\/index.php\/wp-json\/wp\/v2\/types\/product"}],"wp:featuredmedia":[{"embeddable":true,"href":"https:\/\/www.mondialmobilier.com\/index.php\/wp-json\/wp\/v2\/media\/10662"}],"wp:attachment":[{"href":"https:\/\/www.mondialmobilier.com\/index.php\/wp-json\/wp\/v2\/media?parent=10661"}],"wp:term":[{"taxonomy":"product_brand","embeddable":true,"href":"https:\/\/www.mondialmobilier.com\/index.php\/wp-json\/wp\/v2\/product_brand?post=10661"},{"taxonomy":"product_cat","embeddable":true,"href":"https:\/\/www.mondialmobilier.com\/index.php\/wp-json\/wp\/v2\/product_cat?post=10661"},{"taxonomy":"product_tag","embeddable":true,"href":"https:\/\/www.mondialmobilier.com\/index.php\/wp-json\/wp\/v2\/product_tag?post=10661"}],"curies":[{"name":"wp","href":"https:\/\/api.w.org\/{rel}","templated":true}]}}