{"id":10665,"date":"2025-07-21T02:03:32","date_gmt":"2025-07-21T00:03:32","guid":{"rendered":"https:\/\/www.mondialmobilier.com\/?post_type=product&#038;p=10665"},"modified":"2025-07-21T02:03:32","modified_gmt":"2025-07-21T00:03:32","slug":"bureau-en-bois-avec-retour-et-caisson-en-bois-compose-de-1-plan-principal-constitue-dun-plateau-et-deux-pieds-depaisseur-19-mm-profondeur-800-mm-hauteur-740-mm-1-voile-dep","status":"publish","type":"product","link":"https:\/\/www.mondialmobilier.com\/index.php\/product\/bureau-en-bois-avec-retour-et-caisson-en-bois-compose-de-1-plan-principal-constitue-dun-plateau-et-deux-pieds-depaisseur-19-mm-profondeur-800-mm-hauteur-740-mm-1-voile-dep\/","title":{"rendered":"Bureau en bois avec retour et caisson en bois compos\u00e9 de : 1 plan principal constitu\u00e9 d\u2019un plateau et deux pieds d\u2019\u00e9paisseur 19 mm Profondeur 800 mm hauteur 740 mm 1 voile d\u2019\u00e9paisseur 19 mm 1 plan retour Dimensions : largeur 800 mm profondeur 800 mm hauteur 740 mm Le bureau est r\u00e9alis\u00e9 en panneaux de particules \u00e9paisseur 19 mm rev\u00eatus deux faces en m\u00e9lamin\u00e9 Tous les chants visibles sont bord\u00e9s d\u2019un PVC de 0,8 mm d\u2019\u00e9paisseur 1 caisson roulant \u00e0 3 tiroirs en Bois Finition en m\u00e9lamin\u00e9 Bureau fonctionnel en bois compact Bureau MALABO en bois, compact et fonctionnel, id\u00e9al pour les petits espaces de travail. Conception simple et \u00e9l\u00e9gante pour un usage quotidien."},"content":{"rendered":"<p>Avec son esth\u00e9tique contemporaine, ce bureau incarne le mariage parfait entre minimalisme et sophistication.<\/p>\n<ul>\n<li>Dimension : 1.60m<\/li>\n<\/ul>\n<h4>Bureau moderne en bois blanc<\/h4>\n<p>Bureau de travail en bois blanc, avec un design simple et contemporain, parfait pour les espaces de travail lumineux et modernes. Con\u00e7u pour un confort quotidien.<\/p>\n","protected":false},"excerpt":{"rendered":"<p>Avec son esth\u00e9tique contemporaine, ce bureau incarne le mariage parfait entre minimalisme et sophistication. Dimension : 1.60m Bureau moderne en bois blanc Bureau de travail en bois blanc, avec un design simple et contemporain, parfait pour les espaces de travail lumineux et modernes. Con\u00e7u pour un confort quotidien.<\/p>\n","protected":false},"featured_media":10666,"template":"","meta":[],"product_brand":[],"product_cat":[300,302],"product_tag":[],"class_list":{"0":"post-10665","1":"product","2":"type-product","3":"status-publish","4":"has-post-thumbnail","6":"product_cat-bureaux","7":"product_cat-bureaux-fabrication","9":"first","10":"instock","11":"shipping-taxable","12":"purchasable","13":"product-type-simple"},"_links":{"self":[{"href":"https:\/\/www.mondialmobilier.com\/index.php\/wp-json\/wp\/v2\/product\/10665","targetHints":{"allow":["GET"]}}],"collection":[{"href":"https:\/\/www.mondialmobilier.com\/index.php\/wp-json\/wp\/v2\/product"}],"about":[{"href":"https:\/\/www.mondialmobilier.com\/index.php\/wp-json\/wp\/v2\/types\/product"}],"wp:featuredmedia":[{"embeddable":true,"href":"https:\/\/www.mondialmobilier.com\/index.php\/wp-json\/wp\/v2\/media\/10666"}],"wp:attachment":[{"href":"https:\/\/www.mondialmobilier.com\/index.php\/wp-json\/wp\/v2\/media?parent=10665"}],"wp:term":[{"taxonomy":"product_brand","embeddable":true,"href":"https:\/\/www.mondialmobilier.com\/index.php\/wp-json\/wp\/v2\/product_brand?post=10665"},{"taxonomy":"product_cat","embeddable":true,"href":"https:\/\/www.mondialmobilier.com\/index.php\/wp-json\/wp\/v2\/product_cat?post=10665"},{"taxonomy":"product_tag","embeddable":true,"href":"https:\/\/www.mondialmobilier.com\/index.php\/wp-json\/wp\/v2\/product_tag?post=10665"}],"curies":[{"name":"wp","href":"https:\/\/api.w.org\/{rel}","templated":true}]}}