{"id":10667,"date":"2025-07-21T02:12:04","date_gmt":"2025-07-21T00:12:04","guid":{"rendered":"https:\/\/www.mondialmobilier.com\/?post_type=product&#038;p=10667"},"modified":"2025-07-21T02:17:26","modified_gmt":"2025-07-21T00:17:26","slug":"bureau-de-direction-panama-ref-b1055","status":"publish","type":"product","link":"https:\/\/www.mondialmobilier.com\/index.php\/product\/bureau-de-direction-panama-ref-b1055\/","title":{"rendered":"Bureau de direction panama r\u00e9f. b1055"},"content":{"rendered":"<ul>\n<li>Profondeur 800 mm hauteur 740 mm<\/li>\n<li>1 voile d\u2019\u00e9paisseur 19 mm<\/li>\n<li>Les pi\u00e8tement de bureau sont r\u00e9alis\u00e9 en panneaux de particules \u00e9paisseur 38 mm<\/li>\n<li>Tous les chants visibles sont bord\u00e9s d\u2019un PVC de 0,8 mm d\u2019\u00e9paisseur<\/li>\n<li>1 caisson roulant \u00e0 3 tiroirs en Bois Finition en m\u00e9lamin\u00e9<\/li>\n<\/ul>\n<h4>Bureau Panama avec design \u00e9pur\u00e9 et pratique<\/h4>\n<p>Le bureau Panama, avec son design \u00e9pur\u00e9, propose un espace de travail fonctionnel et confortable. Fabriqu\u00e9 en mat\u00e9riaux durables, il s&#8217;int\u00e8gre parfaitement dans tout environnement professionnel.<\/p>\n","protected":false},"excerpt":{"rendered":"<p>Profondeur 800 mm hauteur 740 mm 1 voile d\u2019\u00e9paisseur 19 mm Les pi\u00e8tement de bureau sont r\u00e9alis\u00e9 en panneaux de particules \u00e9paisseur 38 mm Tous les chants visibles sont bord\u00e9s d\u2019un PVC de 0,8 mm d\u2019\u00e9paisseur 1 caisson roulant \u00e0 3 tiroirs en Bois Finition en m\u00e9lamin\u00e9 Bureau Panama avec design \u00e9pur\u00e9 et pratique Le [&hellip;]<\/p>\n","protected":false},"featured_media":10668,"template":"","meta":[],"product_brand":[],"product_cat":[300,301,302],"product_tag":[],"class_list":{"0":"post-10667","1":"product","2":"type-product","3":"status-publish","4":"has-post-thumbnail","6":"product_cat-bureaux","7":"product_cat-bureaux-de-direction","8":"product_cat-bureaux-fabrication","10":"first","11":"instock","12":"shipping-taxable","13":"purchasable","14":"product-type-simple"},"_links":{"self":[{"href":"https:\/\/www.mondialmobilier.com\/index.php\/wp-json\/wp\/v2\/product\/10667","targetHints":{"allow":["GET"]}}],"collection":[{"href":"https:\/\/www.mondialmobilier.com\/index.php\/wp-json\/wp\/v2\/product"}],"about":[{"href":"https:\/\/www.mondialmobilier.com\/index.php\/wp-json\/wp\/v2\/types\/product"}],"wp:featuredmedia":[{"embeddable":true,"href":"https:\/\/www.mondialmobilier.com\/index.php\/wp-json\/wp\/v2\/media\/10668"}],"wp:attachment":[{"href":"https:\/\/www.mondialmobilier.com\/index.php\/wp-json\/wp\/v2\/media?parent=10667"}],"wp:term":[{"taxonomy":"product_brand","embeddable":true,"href":"https:\/\/www.mondialmobilier.com\/index.php\/wp-json\/wp\/v2\/product_brand?post=10667"},{"taxonomy":"product_cat","embeddable":true,"href":"https:\/\/www.mondialmobilier.com\/index.php\/wp-json\/wp\/v2\/product_cat?post=10667"},{"taxonomy":"product_tag","embeddable":true,"href":"https:\/\/www.mondialmobilier.com\/index.php\/wp-json\/wp\/v2\/product_tag?post=10667"}],"curies":[{"name":"wp","href":"https:\/\/api.w.org\/{rel}","templated":true}]}}