{"id":10677,"date":"2025-08-30T14:35:39","date_gmt":"2025-08-30T12:35:39","guid":{"rendered":"https:\/\/www.mondialmobilier.com\/?post_type=product&#038;p=10677"},"modified":"2025-08-30T14:35:40","modified_gmt":"2025-08-30T12:35:40","slug":"bureau-de-direction-boss-ref-b3270","status":"publish","type":"product","link":"https:\/\/www.mondialmobilier.com\/index.php\/product\/bureau-de-direction-boss-ref-b3270\/","title":{"rendered":"Bureau de direction boss r\u00e9f b3270"},"content":{"rendered":"<h3>Bureau en bois avec Retour et Caisson Mobile compos\u00e9 de :<\/h3>\n<ul>\n<li>1 plan principal constitu\u00e9 d\u2019un plateau<\/li>\n<li>Dimensions Lx Px H en mm : 2000 x 2100 x 760<\/li>\n<li>Le bureau est r\u00e9alis\u00e9 en panneaux de particules\u00a0 rev\u00eatus deux faces en m\u00e9lamin\u00e9, \u00e9quip\u00e9 d\u2019une partie au milieu habill\u00e9 en cuir sous forme d\u2019un sous-main<\/li>\n<li>Passe c\u00e2ble en aluminium .<\/li>\n<li>1 caisson \u00e0 3 tiroirs en Bois<\/li>\n<li>Finition en m\u00e9lamin\u00e9<\/li>\n<\/ul>\n<h4>Bureau de direction \u00e9l\u00e9gant pour cadres sup\u00e9rieurs<\/h4>\n<p>Le Bureau de Direction Boss, avec son design raffin\u00e9 et ses mat\u00e9riaux de qualit\u00e9, est id\u00e9al pour les dirigeants. Il propose une grande surface de travail et des rangements int\u00e9gr\u00e9s pour un bureau fonctionnel.<\/p>\n","protected":false},"excerpt":{"rendered":"<p>Bureau en bois avec Retour et Caisson Mobile compos\u00e9 de : 1 plan principal constitu\u00e9 d\u2019un plateau Dimensions Lx Px H en mm : 2000 x 2100 x 760 Le bureau est r\u00e9alis\u00e9 en panneaux de particules\u00a0 rev\u00eatus deux faces en m\u00e9lamin\u00e9, \u00e9quip\u00e9 d\u2019une partie au milieu habill\u00e9 en cuir sous forme d\u2019un sous-main Passe [&hellip;]<\/p>\n","protected":false},"featured_media":10678,"template":"","meta":[],"product_brand":[],"product_cat":[300,301],"product_tag":[],"class_list":{"0":"post-10677","1":"product","2":"type-product","3":"status-publish","4":"has-post-thumbnail","6":"product_cat-bureaux","7":"product_cat-bureaux-de-direction","9":"first","10":"instock","11":"shipping-taxable","12":"purchasable","13":"product-type-simple"},"_links":{"self":[{"href":"https:\/\/www.mondialmobilier.com\/index.php\/wp-json\/wp\/v2\/product\/10677","targetHints":{"allow":["GET"]}}],"collection":[{"href":"https:\/\/www.mondialmobilier.com\/index.php\/wp-json\/wp\/v2\/product"}],"about":[{"href":"https:\/\/www.mondialmobilier.com\/index.php\/wp-json\/wp\/v2\/types\/product"}],"wp:featuredmedia":[{"embeddable":true,"href":"https:\/\/www.mondialmobilier.com\/index.php\/wp-json\/wp\/v2\/media\/10678"}],"wp:attachment":[{"href":"https:\/\/www.mondialmobilier.com\/index.php\/wp-json\/wp\/v2\/media?parent=10677"}],"wp:term":[{"taxonomy":"product_brand","embeddable":true,"href":"https:\/\/www.mondialmobilier.com\/index.php\/wp-json\/wp\/v2\/product_brand?post=10677"},{"taxonomy":"product_cat","embeddable":true,"href":"https:\/\/www.mondialmobilier.com\/index.php\/wp-json\/wp\/v2\/product_cat?post=10677"},{"taxonomy":"product_tag","embeddable":true,"href":"https:\/\/www.mondialmobilier.com\/index.php\/wp-json\/wp\/v2\/product_tag?post=10677"}],"curies":[{"name":"wp","href":"https:\/\/api.w.org\/{rel}","templated":true}]}}