{"id":10679,"date":"2025-09-02T14:03:15","date_gmt":"2025-09-02T12:03:15","guid":{"rendered":"https:\/\/www.mondialmobilier.com\/?post_type=product&#038;p=10679"},"modified":"2025-09-02T14:03:15","modified_gmt":"2025-09-02T12:03:15","slug":"bureau-de-direction-customize-ref-b3477","status":"publish","type":"product","link":"https:\/\/www.mondialmobilier.com\/index.php\/product\/bureau-de-direction-customize-ref-b3477\/","title":{"rendered":"Bureau de direction customize r\u00e9f b3477"},"content":{"rendered":"<h3>Bureau de Direction\u00a0en bois MDF\u00a0:<\/h3>\n<ul>\n<li>Le plan de travail est fabriqu\u00e9 en panneau m\u00e9lamine de 60mm d&#8217;\u00e9paisseur, avec chants en ABS antichoc 2mm en PVC ,<\/li>\n<li>Le plan est de largeur de 1600 mm \/ 1800mm et de profondeur de 850mm et la hauteur\u00a0 760mm .<\/li>\n<li>Caisson mobile\u00a0 pos\u00e9 \u00e0 3 tiroirs<strong>\u00a0<\/strong>avec poign\u00e9es finition aluminium avec fermeture centralis\u00e9e.<\/li>\n<li>Dimension caisson Larg400mm Prof 400mm hauteur 500mm<\/li>\n<li>l&#8217;ensemble est en panneau de particules deux faces d\u00e9cor \u00e9paisseur 19mm avec chants en pvc 2mm,<\/li>\n<li>La face inf\u00e9rieure est m\u00e9canis\u00e9e pour faciliter un assemblage correct du bureau,<\/li>\n<li>Un plan de retour mobile , sur deux niches et un porte battante et un tiroir \u00e0 clef.<\/li>\n<li>1 voile de fond\u00a0 en panneau de m\u00e9lamine deux faces d\u00e9cor \u00e9paisseur 20mm avec chants en PVC 2mm.<\/li>\n<\/ul>\n<h4>Bureau personnalisable avec options de rangement int\u00e9gr\u00e9es<\/h4>\n<p>Ce bureau personnalisable permet de configurer les options de rangement selon vos besoins. Fabriqu\u00e9 en bois de qualit\u00e9, il allie praticit\u00e9 et style pour les environnements professionnels modernes.<\/p>\n","protected":false},"excerpt":{"rendered":"<p>Bureau de Direction\u00a0en bois MDF\u00a0: Le plan de travail est fabriqu\u00e9 en panneau m\u00e9lamine de 60mm d&#8217;\u00e9paisseur, avec chants en ABS antichoc 2mm en PVC , Le plan est de largeur de 1600 mm \/ 1800mm et de profondeur de 850mm et la hauteur\u00a0 760mm . Caisson mobile\u00a0 pos\u00e9 \u00e0 3 tiroirs\u00a0avec poign\u00e9es finition aluminium [&hellip;]<\/p>\n","protected":false},"featured_media":10680,"template":"","meta":[],"product_brand":[],"product_cat":[300,301],"product_tag":[],"class_list":{"0":"post-10679","1":"product","2":"type-product","3":"status-publish","4":"has-post-thumbnail","6":"product_cat-bureaux","7":"product_cat-bureaux-de-direction","9":"first","10":"instock","11":"sale","12":"shipping-taxable","13":"purchasable","14":"product-type-simple"},"_links":{"self":[{"href":"https:\/\/www.mondialmobilier.com\/index.php\/wp-json\/wp\/v2\/product\/10679","targetHints":{"allow":["GET"]}}],"collection":[{"href":"https:\/\/www.mondialmobilier.com\/index.php\/wp-json\/wp\/v2\/product"}],"about":[{"href":"https:\/\/www.mondialmobilier.com\/index.php\/wp-json\/wp\/v2\/types\/product"}],"wp:featuredmedia":[{"embeddable":true,"href":"https:\/\/www.mondialmobilier.com\/index.php\/wp-json\/wp\/v2\/media\/10680"}],"wp:attachment":[{"href":"https:\/\/www.mondialmobilier.com\/index.php\/wp-json\/wp\/v2\/media?parent=10679"}],"wp:term":[{"taxonomy":"product_brand","embeddable":true,"href":"https:\/\/www.mondialmobilier.com\/index.php\/wp-json\/wp\/v2\/product_brand?post=10679"},{"taxonomy":"product_cat","embeddable":true,"href":"https:\/\/www.mondialmobilier.com\/index.php\/wp-json\/wp\/v2\/product_cat?post=10679"},{"taxonomy":"product_tag","embeddable":true,"href":"https:\/\/www.mondialmobilier.com\/index.php\/wp-json\/wp\/v2\/product_tag?post=10679"}],"curies":[{"name":"wp","href":"https:\/\/api.w.org\/{rel}","templated":true}]}}