{"id":10690,"date":"2025-09-03T12:22:35","date_gmt":"2025-09-03T10:22:35","guid":{"rendered":"https:\/\/www.mondialmobilier.com\/?post_type=product&#038;p=10690"},"modified":"2025-09-03T12:22:36","modified_gmt":"2025-09-03T10:22:36","slug":"bureau-de-direction-shark-ref-b2587","status":"publish","type":"product","link":"https:\/\/www.mondialmobilier.com\/index.php\/product\/bureau-de-direction-shark-ref-b2587\/","title":{"rendered":"Bureau de direction shark r\u00e9f b2587"},"content":{"rendered":"<h3>Bureau pr\u00e9sident haute gamme en MDF<\/h3>\n<ul>\n<li>Dimension globale 200x10x 76 cm.<\/li>\n<li>La dimension du plateau principale est 200x90x76 cm \u00e9p.<\/li>\n<li>50mm avec champ en aluminium, et un double champ en L et L invers\u00e9 sur le c\u00f4t\u00e9 visiteur avec passe c\u00e2ble rectangulaire et sous main int\u00e9gr\u00e9 en simili cuir;<\/li>\n<li>Pi\u00e8tement panneau bois m\u00eame \u00e9paisseur que le bureau et un voile qui maintient les deux pieds avec la m\u00eame bande en aluminium pour plus de design.<\/li>\n<li>Retour dim. L l20xp50xH76 cm compos\u00e9 de: 2 Portes battantes et 3\u00a0Tiroirs au milieu avec fermeture centralis\u00e9e.<\/li>\n<li>La face int\u00e9rieure et les tirettes sont en finition\u00a0aluminium grise<\/li>\n<\/ul>\n<h4>Bureau de direction Shark avec un design moderne et \u00e9pur\u00e9<\/h4>\n<p>Ce bureau de direction combine un design moderne et des mat\u00e9riaux de haute qualit\u00e9. Il offre un espace de travail spacieux, id\u00e9al pour les environnements professionnels.<\/p>\n","protected":false},"excerpt":{"rendered":"<p>Bureau pr\u00e9sident haute gamme en MDF Dimension globale 200x10x 76 cm. La dimension du plateau principale est 200x90x76 cm \u00e9p. 50mm avec champ en aluminium, et un double champ en L et L invers\u00e9 sur le c\u00f4t\u00e9 visiteur avec passe c\u00e2ble rectangulaire et sous main int\u00e9gr\u00e9 en simili cuir; Pi\u00e8tement panneau bois m\u00eame \u00e9paisseur que [&hellip;]<\/p>\n","protected":false},"featured_media":10691,"template":"","meta":[],"product_brand":[],"product_cat":[300,301],"product_tag":[],"class_list":{"0":"post-10690","1":"product","2":"type-product","3":"status-publish","4":"has-post-thumbnail","6":"product_cat-bureaux","7":"product_cat-bureaux-de-direction","9":"first","10":"instock","11":"sale","12":"shipping-taxable","13":"purchasable","14":"product-type-simple"},"_links":{"self":[{"href":"https:\/\/www.mondialmobilier.com\/index.php\/wp-json\/wp\/v2\/product\/10690","targetHints":{"allow":["GET"]}}],"collection":[{"href":"https:\/\/www.mondialmobilier.com\/index.php\/wp-json\/wp\/v2\/product"}],"about":[{"href":"https:\/\/www.mondialmobilier.com\/index.php\/wp-json\/wp\/v2\/types\/product"}],"wp:featuredmedia":[{"embeddable":true,"href":"https:\/\/www.mondialmobilier.com\/index.php\/wp-json\/wp\/v2\/media\/10691"}],"wp:attachment":[{"href":"https:\/\/www.mondialmobilier.com\/index.php\/wp-json\/wp\/v2\/media?parent=10690"}],"wp:term":[{"taxonomy":"product_brand","embeddable":true,"href":"https:\/\/www.mondialmobilier.com\/index.php\/wp-json\/wp\/v2\/product_brand?post=10690"},{"taxonomy":"product_cat","embeddable":true,"href":"https:\/\/www.mondialmobilier.com\/index.php\/wp-json\/wp\/v2\/product_cat?post=10690"},{"taxonomy":"product_tag","embeddable":true,"href":"https:\/\/www.mondialmobilier.com\/index.php\/wp-json\/wp\/v2\/product_tag?post=10690"}],"curies":[{"name":"wp","href":"https:\/\/api.w.org\/{rel}","templated":true}]}}