{"id":10694,"date":"2025-09-03T12:28:33","date_gmt":"2025-09-03T10:28:33","guid":{"rendered":"https:\/\/www.mondialmobilier.com\/?post_type=product&#038;p=10694"},"modified":"2025-09-03T12:28:33","modified_gmt":"2025-09-03T10:28:33","slug":"bureau-de-direction-prisima-b4082","status":"publish","type":"product","link":"https:\/\/www.mondialmobilier.com\/index.php\/product\/bureau-de-direction-prisima-b4082\/","title":{"rendered":"Bureau de direction prisima b4082"},"content":{"rendered":"<ul>\n<li data-end=\"276\" data-start=\"175\"><strong data-end=\"212\" data-start=\"177\">Design contemporain et pratique<\/strong>\u00a0: Id\u00e9al pour un environnement de travail organis\u00e9 et \u00e9l\u00e9gant.<\/li>\n<li data-end=\"389\" data-start=\"277\"><strong data-end=\"301\" data-start=\"279\">Mat\u00e9riaux robustes<\/strong>\u00a0: Fabriqu\u00e9 en panneaux de MDF, garantissant solidit\u00e9 et long\u00e9vit\u00e9.<\/li>\n<li data-end=\"505\" data-start=\"390\"><strong data-end=\"413\" data-start=\"392\">Surface spacieuse<\/strong>\u00a0: Offre un large espace pour disposer un ordinateur, des documents et divers accessoires.<\/li>\n<li data-end=\"623\" data-start=\"506\"><strong data-end=\"530\" data-start=\"508\">Rangement optimis\u00e9<\/strong>\u00a0: Int\u00e8gre des tiroirs ou compartiments pour une organisation efficace du poste de travail.<\/li>\n<li data-end=\"734\" data-start=\"624\"><strong data-end=\"648\" data-start=\"626\">Dimensions :\u00a0<\/strong>160 x 70 x 75 cm<\/li>\n<\/ul>\n","protected":false},"excerpt":{"rendered":"<p>Design contemporain et pratique\u00a0: Id\u00e9al pour un environnement de travail organis\u00e9 et \u00e9l\u00e9gant. Mat\u00e9riaux robustes\u00a0: Fabriqu\u00e9 en panneaux de MDF, garantissant solidit\u00e9 et long\u00e9vit\u00e9. Surface spacieuse\u00a0: Offre un large espace pour disposer un ordinateur, des documents et divers accessoires. Rangement optimis\u00e9\u00a0: Int\u00e8gre des tiroirs ou compartiments pour une organisation efficace du poste de travail. Dimensions [&hellip;]<\/p>\n","protected":false},"featured_media":10695,"template":"","meta":[],"product_brand":[],"product_cat":[300,301],"product_tag":[],"class_list":{"0":"post-10694","1":"product","2":"type-product","3":"status-publish","4":"has-post-thumbnail","6":"product_cat-bureaux","7":"product_cat-bureaux-de-direction","9":"first","10":"instock","11":"sale","12":"shipping-taxable","13":"purchasable","14":"product-type-simple"},"_links":{"self":[{"href":"https:\/\/www.mondialmobilier.com\/index.php\/wp-json\/wp\/v2\/product\/10694","targetHints":{"allow":["GET"]}}],"collection":[{"href":"https:\/\/www.mondialmobilier.com\/index.php\/wp-json\/wp\/v2\/product"}],"about":[{"href":"https:\/\/www.mondialmobilier.com\/index.php\/wp-json\/wp\/v2\/types\/product"}],"wp:featuredmedia":[{"embeddable":true,"href":"https:\/\/www.mondialmobilier.com\/index.php\/wp-json\/wp\/v2\/media\/10695"}],"wp:attachment":[{"href":"https:\/\/www.mondialmobilier.com\/index.php\/wp-json\/wp\/v2\/media?parent=10694"}],"wp:term":[{"taxonomy":"product_brand","embeddable":true,"href":"https:\/\/www.mondialmobilier.com\/index.php\/wp-json\/wp\/v2\/product_brand?post=10694"},{"taxonomy":"product_cat","embeddable":true,"href":"https:\/\/www.mondialmobilier.com\/index.php\/wp-json\/wp\/v2\/product_cat?post=10694"},{"taxonomy":"product_tag","embeddable":true,"href":"https:\/\/www.mondialmobilier.com\/index.php\/wp-json\/wp\/v2\/product_tag?post=10694"}],"curies":[{"name":"wp","href":"https:\/\/api.w.org\/{rel}","templated":true}]}}