{"id":10696,"date":"2025-09-03T12:34:07","date_gmt":"2025-09-03T10:34:07","guid":{"rendered":"https:\/\/www.mondialmobilier.com\/?post_type=product&#038;p=10696"},"modified":"2025-09-03T12:34:07","modified_gmt":"2025-09-03T10:34:07","slug":"bureau-de-direction-thales-ref-b2653","status":"publish","type":"product","link":"https:\/\/www.mondialmobilier.com\/index.php\/product\/bureau-de-direction-thales-ref-b2653\/","title":{"rendered":"Bureau de direction thales r\u00e9f b2653"},"content":{"rendered":"<h3>MDF et Panneaux de particules avec rev\u00eatement m\u00e9lamin\u00e9<\/h3>\n<ul>\n<li>Anti rayures avec alimentation et connectique<\/li>\n<li>Couleur noyer<\/li>\n<li>Epaisseur De plateau : 60mm<\/li>\n<li>Dim : L 220 L200 H76cm<\/li>\n<li>Passe c\u00e2ble en bronze<\/li>\n<\/ul>\n<h4>Bureau de direction \u00e9l\u00e9gant avec finitions haut de gamme<\/h4>\n<p>Le Bureau de Direction Thales se distingue par ses finitions haut de gamme et son design contemporain. Con\u00e7u en bois robuste, il combine style et fonctionnalit\u00e9 pour les environnements professionnels.<\/p>\n","protected":false},"excerpt":{"rendered":"<p>MDF et Panneaux de particules avec rev\u00eatement m\u00e9lamin\u00e9 Anti rayures avec alimentation et connectique Couleur noyer Epaisseur De plateau : 60mm Dim : L 220 L200 H76cm Passe c\u00e2ble en bronze Bureau de direction \u00e9l\u00e9gant avec finitions haut de gamme Le Bureau de Direction Thales se distingue par ses finitions haut de gamme et son [&hellip;]<\/p>\n","protected":false},"featured_media":10697,"template":"","meta":[],"product_brand":[],"product_cat":[300,301],"product_tag":[],"class_list":{"0":"post-10696","1":"product","2":"type-product","3":"status-publish","4":"has-post-thumbnail","6":"product_cat-bureaux","7":"product_cat-bureaux-de-direction","9":"first","10":"instock","11":"sale","12":"shipping-taxable","13":"purchasable","14":"product-type-simple"},"_links":{"self":[{"href":"https:\/\/www.mondialmobilier.com\/index.php\/wp-json\/wp\/v2\/product\/10696","targetHints":{"allow":["GET"]}}],"collection":[{"href":"https:\/\/www.mondialmobilier.com\/index.php\/wp-json\/wp\/v2\/product"}],"about":[{"href":"https:\/\/www.mondialmobilier.com\/index.php\/wp-json\/wp\/v2\/types\/product"}],"wp:featuredmedia":[{"embeddable":true,"href":"https:\/\/www.mondialmobilier.com\/index.php\/wp-json\/wp\/v2\/media\/10697"}],"wp:attachment":[{"href":"https:\/\/www.mondialmobilier.com\/index.php\/wp-json\/wp\/v2\/media?parent=10696"}],"wp:term":[{"taxonomy":"product_brand","embeddable":true,"href":"https:\/\/www.mondialmobilier.com\/index.php\/wp-json\/wp\/v2\/product_brand?post=10696"},{"taxonomy":"product_cat","embeddable":true,"href":"https:\/\/www.mondialmobilier.com\/index.php\/wp-json\/wp\/v2\/product_cat?post=10696"},{"taxonomy":"product_tag","embeddable":true,"href":"https:\/\/www.mondialmobilier.com\/index.php\/wp-json\/wp\/v2\/product_tag?post=10696"}],"curies":[{"name":"wp","href":"https:\/\/api.w.org\/{rel}","templated":true}]}}