{"id":10698,"date":"2025-09-03T12:39:50","date_gmt":"2025-09-03T10:39:50","guid":{"rendered":"https:\/\/www.mondialmobilier.com\/?post_type=product&#038;p=10698"},"modified":"2025-09-03T12:39:50","modified_gmt":"2025-09-03T10:39:50","slug":"bureau-de-direction-work-ref-b2683","status":"publish","type":"product","link":"https:\/\/www.mondialmobilier.com\/index.php\/product\/bureau-de-direction-work-ref-b2683\/","title":{"rendered":"Bureau de direction work r\u00e9f b2683"},"content":{"rendered":"<ul>\n<li>passe c\u00e2ble sabot de protection<\/li>\n<li>DIM : 180x80x75CM<\/li>\n<li>Sans Retour<\/li>\n<li>Epaisseur 30 mm<\/li>\n<li>Couleur ch\u00eane &amp; gris anthracite<\/li>\n<\/ul>\n<h4>Bureau de direction ergonomique pour un espace de travail efficace<\/h4>\n<p>Ce bureau de direction ergonomique offre un grand confort gr\u00e2ce \u00e0 son design fonctionnel et ses mat\u00e9riaux robustes. Id\u00e9al pour les cadres recherchant un environnement de travail productif et \u00e9l\u00e9gant.<\/p>\n","protected":false},"excerpt":{"rendered":"<p>passe c\u00e2ble sabot de protection DIM : 180x80x75CM Sans Retour Epaisseur 30 mm Couleur ch\u00eane &amp; gris anthracite Bureau de direction ergonomique pour un espace de travail efficace Ce bureau de direction ergonomique offre un grand confort gr\u00e2ce \u00e0 son design fonctionnel et ses mat\u00e9riaux robustes. Id\u00e9al pour les cadres recherchant un environnement de travail [&hellip;]<\/p>\n","protected":false},"featured_media":10699,"template":"","meta":[],"product_brand":[],"product_cat":[300,301],"product_tag":[],"class_list":{"0":"post-10698","1":"product","2":"type-product","3":"status-publish","4":"has-post-thumbnail","6":"product_cat-bureaux","7":"product_cat-bureaux-de-direction","9":"first","10":"instock","11":"shipping-taxable","12":"purchasable","13":"product-type-simple"},"_links":{"self":[{"href":"https:\/\/www.mondialmobilier.com\/index.php\/wp-json\/wp\/v2\/product\/10698","targetHints":{"allow":["GET"]}}],"collection":[{"href":"https:\/\/www.mondialmobilier.com\/index.php\/wp-json\/wp\/v2\/product"}],"about":[{"href":"https:\/\/www.mondialmobilier.com\/index.php\/wp-json\/wp\/v2\/types\/product"}],"wp:featuredmedia":[{"embeddable":true,"href":"https:\/\/www.mondialmobilier.com\/index.php\/wp-json\/wp\/v2\/media\/10699"}],"wp:attachment":[{"href":"https:\/\/www.mondialmobilier.com\/index.php\/wp-json\/wp\/v2\/media?parent=10698"}],"wp:term":[{"taxonomy":"product_brand","embeddable":true,"href":"https:\/\/www.mondialmobilier.com\/index.php\/wp-json\/wp\/v2\/product_brand?post=10698"},{"taxonomy":"product_cat","embeddable":true,"href":"https:\/\/www.mondialmobilier.com\/index.php\/wp-json\/wp\/v2\/product_cat?post=10698"},{"taxonomy":"product_tag","embeddable":true,"href":"https:\/\/www.mondialmobilier.com\/index.php\/wp-json\/wp\/v2\/product_tag?post=10698"}],"curies":[{"name":"wp","href":"https:\/\/api.w.org\/{rel}","templated":true}]}}