{"id":10702,"date":"2025-09-03T12:50:41","date_gmt":"2025-09-03T10:50:41","guid":{"rendered":"https:\/\/www.mondialmobilier.com\/?post_type=product&#038;p=10702"},"modified":"2025-09-03T12:50:42","modified_gmt":"2025-09-03T10:50:42","slug":"bureau-de-direction-malabo-ref-b1758-2","status":"publish","type":"product","link":"https:\/\/www.mondialmobilier.com\/index.php\/product\/bureau-de-direction-malabo-ref-b1758-2\/","title":{"rendered":"Bureau de direction malabo r\u00e9f. b1758"},"content":{"rendered":"<h3>Bureau en bois avec retour et caisson en bois compos\u00e9 de :<\/h3>\n<ul>\n<li>1 plan principal constitu\u00e9 d\u2019un plateau et deux pieds d\u2019\u00e9paisseur 19 mm<br \/>\nProfondeur 800 mm hauteur 740 mm<\/li>\n<li>1 voile d\u2019\u00e9paisseur 19 mm<\/li>\n<li>1 plan retour Dimensions : largeur 800 mm profondeur 800 mm hauteur 740 mm<\/li>\n<li>Le bureau est r\u00e9alis\u00e9 en panneaux de particules \u00e9paisseur 19 mm rev\u00eatus deux faces en m\u00e9lamin\u00e9<\/li>\n<li>Tous les chants visibles sont bord\u00e9s d\u2019un PVC de 0,8 mm d\u2019\u00e9paisseur<\/li>\n<li>1 caisson roulant \u00e0 3 tiroirs en Bois<\/li>\n<li>Finition en m\u00e9lamin\u00e9<\/li>\n<\/ul>\n<h4>Bureau fonctionnel en bois compact<\/h4>\n<p>Bureau MALABO en bois, compact et fonctionnel, id\u00e9al pour les petits espaces de travail. Conception simple et \u00e9l\u00e9gante pour un usage quotidien.<\/p>\n","protected":false},"excerpt":{"rendered":"<p>Bureau en bois avec retour et caisson en bois compos\u00e9 de : 1 plan principal constitu\u00e9 d\u2019un plateau et deux pieds d\u2019\u00e9paisseur 19 mm Profondeur 800 mm hauteur 740 mm 1 voile d\u2019\u00e9paisseur 19 mm 1 plan retour Dimensions : largeur 800 mm profondeur 800 mm hauteur 740 mm Le bureau est r\u00e9alis\u00e9 en panneaux [&hellip;]<\/p>\n","protected":false},"featured_media":10703,"template":"","meta":[],"product_brand":[],"product_cat":[300,302],"product_tag":[],"class_list":{"0":"post-10702","1":"product","2":"type-product","3":"status-publish","4":"has-post-thumbnail","6":"product_cat-bureaux","7":"product_cat-bureaux-fabrication","9":"first","10":"instock","11":"sale","12":"shipping-taxable","13":"purchasable","14":"product-type-simple"},"_links":{"self":[{"href":"https:\/\/www.mondialmobilier.com\/index.php\/wp-json\/wp\/v2\/product\/10702","targetHints":{"allow":["GET"]}}],"collection":[{"href":"https:\/\/www.mondialmobilier.com\/index.php\/wp-json\/wp\/v2\/product"}],"about":[{"href":"https:\/\/www.mondialmobilier.com\/index.php\/wp-json\/wp\/v2\/types\/product"}],"wp:featuredmedia":[{"embeddable":true,"href":"https:\/\/www.mondialmobilier.com\/index.php\/wp-json\/wp\/v2\/media\/10703"}],"wp:attachment":[{"href":"https:\/\/www.mondialmobilier.com\/index.php\/wp-json\/wp\/v2\/media?parent=10702"}],"wp:term":[{"taxonomy":"product_brand","embeddable":true,"href":"https:\/\/www.mondialmobilier.com\/index.php\/wp-json\/wp\/v2\/product_brand?post=10702"},{"taxonomy":"product_cat","embeddable":true,"href":"https:\/\/www.mondialmobilier.com\/index.php\/wp-json\/wp\/v2\/product_cat?post=10702"},{"taxonomy":"product_tag","embeddable":true,"href":"https:\/\/www.mondialmobilier.com\/index.php\/wp-json\/wp\/v2\/product_tag?post=10702"}],"curies":[{"name":"wp","href":"https:\/\/api.w.org\/{rel}","templated":true}]}}