{"id":10706,"date":"2025-09-03T13:05:27","date_gmt":"2025-09-03T11:05:27","guid":{"rendered":"https:\/\/www.mondialmobilier.com\/?post_type=product&#038;p=10706"},"modified":"2025-09-03T13:05:28","modified_gmt":"2025-09-03T11:05:28","slug":"bureau-de-direction-ref-b3577-2","status":"publish","type":"product","link":"https:\/\/www.mondialmobilier.com\/index.php\/product\/bureau-de-direction-ref-b3577-2\/","title":{"rendered":"Bureau de direction r\u00e9f b3577"},"content":{"rendered":"<h3>Bureau de direction en bois\u00a0 avec retour fixe et caisson mobile 3T<\/h3>\n<ul>\n<li>Dimension :220cm<\/li>\n<\/ul>\n<h4>Bureau de direction spacieux avec finitions en bois<\/h4>\n<p>Bureau de direction avec une surface de travail spacieuse et des finitions en bois de qualit\u00e9. Parfait pour cr\u00e9er une atmosph\u00e8re professionnelle et accueillante.<\/p>\n","protected":false},"excerpt":{"rendered":"<p>Bureau de direction en bois\u00a0 avec retour fixe et caisson mobile 3T Dimension :220cm Bureau de direction spacieux avec finitions en bois Bureau de direction avec une surface de travail spacieuse et des finitions en bois de qualit\u00e9. Parfait pour cr\u00e9er une atmosph\u00e8re professionnelle et accueillante.<\/p>\n","protected":false},"featured_media":10707,"template":"","meta":[],"product_brand":[],"product_cat":[300,302],"product_tag":[],"class_list":{"0":"post-10706","1":"product","2":"type-product","3":"status-publish","4":"has-post-thumbnail","6":"product_cat-bureaux","7":"product_cat-bureaux-fabrication","9":"first","10":"instock","11":"sale","12":"shipping-taxable","13":"purchasable","14":"product-type-simple"},"_links":{"self":[{"href":"https:\/\/www.mondialmobilier.com\/index.php\/wp-json\/wp\/v2\/product\/10706","targetHints":{"allow":["GET"]}}],"collection":[{"href":"https:\/\/www.mondialmobilier.com\/index.php\/wp-json\/wp\/v2\/product"}],"about":[{"href":"https:\/\/www.mondialmobilier.com\/index.php\/wp-json\/wp\/v2\/types\/product"}],"wp:featuredmedia":[{"embeddable":true,"href":"https:\/\/www.mondialmobilier.com\/index.php\/wp-json\/wp\/v2\/media\/10707"}],"wp:attachment":[{"href":"https:\/\/www.mondialmobilier.com\/index.php\/wp-json\/wp\/v2\/media?parent=10706"}],"wp:term":[{"taxonomy":"product_brand","embeddable":true,"href":"https:\/\/www.mondialmobilier.com\/index.php\/wp-json\/wp\/v2\/product_brand?post=10706"},{"taxonomy":"product_cat","embeddable":true,"href":"https:\/\/www.mondialmobilier.com\/index.php\/wp-json\/wp\/v2\/product_cat?post=10706"},{"taxonomy":"product_tag","embeddable":true,"href":"https:\/\/www.mondialmobilier.com\/index.php\/wp-json\/wp\/v2\/product_tag?post=10706"}],"curies":[{"name":"wp","href":"https:\/\/api.w.org\/{rel}","templated":true}]}}