{"id":10720,"date":"2025-09-03T13:31:20","date_gmt":"2025-09-03T11:31:20","guid":{"rendered":"https:\/\/www.mondialmobilier.com\/?post_type=product&#038;p=10720"},"modified":"2025-09-03T13:31:20","modified_gmt":"2025-09-03T11:31:20","slug":"pack-bureau-arla-bureau-160cm-avec-retour-caisson-bahut-160cm-table-basse-ref-b3614","status":"publish","type":"product","link":"https:\/\/www.mondialmobilier.com\/index.php\/product\/pack-bureau-arla-bureau-160cm-avec-retour-caisson-bahut-160cm-table-basse-ref-b3614\/","title":{"rendered":"Pack bureau arla ( bureau 160cm avec retour + caisson + bahut 160cm + table basse ) r\u00e9f b3614"},"content":{"rendered":"<ul>\n<li>Bureau en bois avec Retour et Caisson mobile compos\u00e9 de : 1 plan principal constitu\u00e9 d\u2019un plateau et deux pieds d\u2019\u00e9paisseur 19 mm . Profondeur 800 mm hauteur 740 mm 1 voile d\u2019\u00e9paisseur 19 mm Les pi\u00e8tement de bureau sont r\u00e9alis\u00e9 en panneaux de particules \u00e9paisseur 38 mm Tous les chants visibles sont bord\u00e9s d\u2019un PVC de 0,8 mm d\u2019\u00e9paisseur 1 caisson roulant \u00e0 3 tiroirs en Bois Finition en m\u00e9lamin\u00e9.<\/li>\n<\/ul>\n<p>Dim : 160*80*74cm<\/p>\n<ul>\n<li>Armoire de bureau en bois avec cinq niches et trois porte battantes<\/li>\n<\/ul>\n<p>Dim : 160*100*40cm<\/p>\n<ul>\n<li>Table basse en bois<\/li>\n<\/ul>\n<p>Dim : 60*60cm<\/p>\n","protected":false},"excerpt":{"rendered":"<p>Bureau en bois avec Retour et Caisson mobile compos\u00e9 de : 1 plan principal constitu\u00e9 d\u2019un plateau et deux pieds d\u2019\u00e9paisseur 19 mm . Profondeur 800 mm hauteur 740 mm 1 voile d\u2019\u00e9paisseur 19 mm Les pi\u00e8tement de bureau sont r\u00e9alis\u00e9 en panneaux de particules \u00e9paisseur 38 mm Tous les chants visibles sont bord\u00e9s d\u2019un [&hellip;]<\/p>\n","protected":false},"featured_media":10721,"template":"","meta":[],"product_brand":[],"product_cat":[300,304],"product_tag":[],"class_list":{"0":"post-10720","1":"product","2":"type-product","3":"status-publish","4":"has-post-thumbnail","6":"product_cat-bureaux","7":"product_cat-ensemble-de-bureau","9":"first","10":"instock","11":"sale","12":"shipping-taxable","13":"purchasable","14":"product-type-simple"},"_links":{"self":[{"href":"https:\/\/www.mondialmobilier.com\/index.php\/wp-json\/wp\/v2\/product\/10720","targetHints":{"allow":["GET"]}}],"collection":[{"href":"https:\/\/www.mondialmobilier.com\/index.php\/wp-json\/wp\/v2\/product"}],"about":[{"href":"https:\/\/www.mondialmobilier.com\/index.php\/wp-json\/wp\/v2\/types\/product"}],"wp:featuredmedia":[{"embeddable":true,"href":"https:\/\/www.mondialmobilier.com\/index.php\/wp-json\/wp\/v2\/media\/10721"}],"wp:attachment":[{"href":"https:\/\/www.mondialmobilier.com\/index.php\/wp-json\/wp\/v2\/media?parent=10720"}],"wp:term":[{"taxonomy":"product_brand","embeddable":true,"href":"https:\/\/www.mondialmobilier.com\/index.php\/wp-json\/wp\/v2\/product_brand?post=10720"},{"taxonomy":"product_cat","embeddable":true,"href":"https:\/\/www.mondialmobilier.com\/index.php\/wp-json\/wp\/v2\/product_cat?post=10720"},{"taxonomy":"product_tag","embeddable":true,"href":"https:\/\/www.mondialmobilier.com\/index.php\/wp-json\/wp\/v2\/product_tag?post=10720"}],"curies":[{"name":"wp","href":"https:\/\/api.w.org\/{rel}","templated":true}]}}