{"id":10729,"date":"2025-09-03T23:09:07","date_gmt":"2025-09-03T21:09:07","guid":{"rendered":"https:\/\/www.mondialmobilier.com\/?post_type=product&#038;p=10729"},"modified":"2025-09-03T23:09:07","modified_gmt":"2025-09-03T21:09:07","slug":"pack-bureau-onomo-bureau-160cm-avec-retour-table-basse-caisson-armoire-basse-ensemble-fauteuils-ref-b3616","status":"publish","type":"product","link":"https:\/\/www.mondialmobilier.com\/index.php\/product\/pack-bureau-onomo-bureau-160cm-avec-retour-table-basse-caisson-armoire-basse-ensemble-fauteuils-ref-b3616\/","title":{"rendered":"Pack bureau onomo ( bureau 160cm avec retour +table basse + caisson + armoire basse + ensemble fauteuils ) r\u00e9f b3616"},"content":{"rendered":"<p>&#8211; Bureau de directeur en bois avec retour compos\u00e9 de : 1 plan principal constitu\u00e9 d\u2019un plateau et deux pieds d\u2019\u00e9paisseur 50 mm .\u00b2\u00b2 Profondeur 800 mm hauteur 740 mm 1 voile d\u2019\u00e9paisseur 19 mm Les pi\u00e8tement de bureau sont r\u00e9alis\u00e9 en panneaux de particules \u00e9paisseur 42 mm Tous les chants visibles sont bord\u00e9s d\u2019un PVC de 2 mm d\u2019\u00e9paisseur. 1 caisson roulant \u00e0 3 tiroirs en Bois Finition en m\u00e9lamin\u00e9<br \/>\nretour 100*40cm compos\u00e9 de une porte et 3 tiroirs et une niche<\/p>\n<p>Dim : 160x80x74cm<\/p>\n<p>&#8211; Table basse : 60cm*60cm<br \/>\n&#8211; Fauteuil pr\u00e9sident avec syst\u00e8me synchrone, accoudoirs r\u00e9glables, t\u00eati\u00e8re r\u00e9glable, avec appui lombaire, socle chrome, assise en tissu \/ dossier MeSH noir<br \/>\n&#8211; Fauteuil Visiteur \u00a0est compos\u00e9 de : Un dossier en MeSH qui dispose d\u2019un support lombaire int\u00e9gr\u00e9 et une t\u00eati\u00e8re incorpor\u00e9e &#8211; Une assise compos\u00e9 de tissu haute densit\u00e9 &#8211; Des accoudoirs fix\u00e9s au dossier et \u00e0 l&#8217;assise en mati\u00e8re PVC &#8211; Pi\u00e8tement luge<\/p>\n<p>&#8211; Armoire biblioth\u00e9que en bois avec deux portes basses et deux portes vitr\u00e9es<\/p>\n<p>Dim : 198x80x40cm<\/p>\n","protected":false},"excerpt":{"rendered":"<p>&#8211; Bureau de directeur en bois avec retour compos\u00e9 de : 1 plan principal constitu\u00e9 d\u2019un plateau et deux pieds d\u2019\u00e9paisseur 50 mm .\u00b2\u00b2 Profondeur 800 mm hauteur 740 mm 1 voile d\u2019\u00e9paisseur 19 mm Les pi\u00e8tement de bureau sont r\u00e9alis\u00e9 en panneaux de particules \u00e9paisseur 42 mm Tous les chants visibles sont bord\u00e9s d\u2019un [&hellip;]<\/p>\n","protected":false},"featured_media":10730,"template":"","meta":[],"product_brand":[],"product_cat":[300,304],"product_tag":[],"class_list":{"0":"post-10729","1":"product","2":"type-product","3":"status-publish","4":"has-post-thumbnail","6":"product_cat-bureaux","7":"product_cat-ensemble-de-bureau","9":"first","10":"instock","11":"sale","12":"shipping-taxable","13":"purchasable","14":"product-type-simple"},"_links":{"self":[{"href":"https:\/\/www.mondialmobilier.com\/index.php\/wp-json\/wp\/v2\/product\/10729","targetHints":{"allow":["GET"]}}],"collection":[{"href":"https:\/\/www.mondialmobilier.com\/index.php\/wp-json\/wp\/v2\/product"}],"about":[{"href":"https:\/\/www.mondialmobilier.com\/index.php\/wp-json\/wp\/v2\/types\/product"}],"wp:featuredmedia":[{"embeddable":true,"href":"https:\/\/www.mondialmobilier.com\/index.php\/wp-json\/wp\/v2\/media\/10730"}],"wp:attachment":[{"href":"https:\/\/www.mondialmobilier.com\/index.php\/wp-json\/wp\/v2\/media?parent=10729"}],"wp:term":[{"taxonomy":"product_brand","embeddable":true,"href":"https:\/\/www.mondialmobilier.com\/index.php\/wp-json\/wp\/v2\/product_brand?post=10729"},{"taxonomy":"product_cat","embeddable":true,"href":"https:\/\/www.mondialmobilier.com\/index.php\/wp-json\/wp\/v2\/product_cat?post=10729"},{"taxonomy":"product_tag","embeddable":true,"href":"https:\/\/www.mondialmobilier.com\/index.php\/wp-json\/wp\/v2\/product_tag?post=10729"}],"curies":[{"name":"wp","href":"https:\/\/api.w.org\/{rel}","templated":true}]}}